{"id":641,"date":"2017-12-05T08:47:28","date_gmt":"2017-12-05T08:47:28","guid":{"rendered":"http:\/\/www.atelierbcs.com\/services\/"},"modified":"2018-08-01T21:02:34","modified_gmt":"2018-08-01T19:02:34","slug":"services","status":"publish","type":"page","link":"https:\/\/www.atelierbcs.com\/en\/atelier\/services\/","title":{"rendered":"services"},"content":{"rendered":"<div class=\"wpb-content-wrapper\"><p>[vc_row][vc_column]\n\t\t\t<!-- START Services Slider REVOLUTION SLIDER 6.6.19 --><p class=\"rs-p-wp-fix\"><\/p>\n\t\t\t<rs-module-wrap id=\"rev_slider_2_1_wrapper\" data-source=\"gallery\" style=\"visibility:hidden;background:transparent;padding:0;\">\n\t\t\t\t<rs-module id=\"rev_slider_2_1\" style=\"\" data-version=\"6.6.19\">\n\t\t\t\t\t<rs-slides style=\"overflow: hidden; position: absolute;\">\n\t\t\t\t\t\t<rs-slide style=\"position: absolute;\" data-key=\"rs-4\" data-title=\"Slide\" data-in=\"o:1;\" data-out=\"o:1;\">\n\t\t\t\t\t\t\t<img decoding=\"async\" src=\"\/\/www.atelierbcs.com\/wp-content\/plugins\/revslider\/public\/assets\/assets\/dummy.png\" alt=\"\" title=\"services\" class=\"rev-slidebg tp-rs-img rs-lazyload\" data-lazyload=\"\/\/www.atelierbcs.com\/wp-content\/uploads\/2018\/02\/atelier-baraness-services-stairs-bw-horizontal.jpg\" data-parallax=\"14\" data-panzoom=\"d:10000;ss:120;se:100;\" data-no-retina>\n<!---->\t\t\t\t\t\t<\/rs-slide>\n\t\t\t\t\t\t<rs-slide style=\"position: absolute;\" data-key=\"rs-41\" data-title=\"Slide\" data-in=\"o:1;\" data-out=\"o:1;\">\n\t\t\t\t\t\t\t<img decoding=\"async\" src=\"\/\/www.atelierbcs.com\/wp-content\/plugins\/revslider\/public\/assets\/assets\/dummy.png\" alt=\"\" title=\"services\" class=\"rev-slidebg tp-rs-img rs-lazyload\" data-lazyload=\"\/\/www.atelierbcs.com\/wp-content\/uploads\/2018\/02\/atelier-baraness-services-stairs-bw-horizontal.jpg\" data-parallax=\"14\" data-panzoom=\"d:10000;ss:120;se:100;\" data-no-retina>\n<!---->\t\t\t\t\t\t<\/rs-slide>\n\t\t\t\t\t<\/rs-slides>\n\t\t\t\t<\/rs-module>\n\t\t\t\t<script>\n\t\t\t\t\tsetREVStartSize({c: 'rev_slider_2_1',rl:[1240,1024,778,480],el:[],gw:[1240,1024,778,480],gh:[600,768,960,720],type:'standard',justify:'',layout:'fullscreen',offsetContainer:'',offset:'',mh:\"0\"});if (window.RS_MODULES!==undefined && window.RS_MODULES.modules!==undefined && window.RS_MODULES.modules[\"revslider21\"]!==undefined) {window.RS_MODULES.modules[\"revslider21\"].once = false;window.revapi2 = undefined;if (window.RS_MODULES.checkMinimal!==undefined) window.RS_MODULES.checkMinimal()}\n\t\t\t\t<\/script>\n\t\t\t<\/rs-module-wrap>\n\t\t\t<!-- END REVOLUTION SLIDER -->\n[\/vc_column][\/vc_row][vc_row equal_height=&#8221;yes&#8221; el_class=&#8221;row-services-service row-services-one row-services-corrected-one&#8221; el_id=&#8221;services&#8221;][vc_column width=&#8221;1\/2&#8243;][vc_column_text el_class=&#8221;text-style-normal text-style-heading-services&#8221;]<\/p>\n<h1>Services<\/h1>\n<p>[\/vc_column_text][\/vc_column][vc_column css_animation=&#8221;fadeInUpBig&#8221; width=&#8221;1\/2&#8243;][vc_column_text el_class=&#8221;text-style-services-normal text-padded-one&#8221;]Atelier Baraness + Cawker is a core team of seven &#8211; four architects, two interior architects, one communications director &#8211; combining their skills, experience and creativity.[\/vc_column_text][\/vc_column][\/vc_row][vc_row equal_height=&#8221;yes&#8221; content_placement=&#8221;bottom&#8221; css=&#8221;.vc_custom_1513665198152{background-color: #ad4645 !important;}&#8221; el_class=&#8221;row-services-service row-services-two row-services-corrected-two&#8221;][vc_column css_animation=&#8221;fadeInUpBig&#8221; width=&#8221;1\/2&#8243; css=&#8221;.vc_custom_1516968874495{background-image: url(http:\/\/www.atelierbcs.com\/wp-content\/uploads\/2018\/01\/atelier-baraness-services-image-travail.jpg?id=307) !important;background-position: center !important;background-repeat: no-repeat !important;background-size: cover !important;}&#8221;][vc_single_image image=&#8221;307&#8243; img_size=&#8221;full&#8221; alignment=&#8221;center&#8221; el_class=&#8221;do-not-display-desktop&#8221;][\/vc_column][vc_column css_animation=&#8221;fadeInUpBig&#8221; width=&#8221;1\/2&#8243;][vc_column_text el_class=&#8221;text-style-services-heading-h2 color-white non-bold padded140&#8243;]<\/p>\n<h2>The philosophy of the Atelier is to accompany each client throughout the architectural project.<\/h2>\n<p>[\/vc_column_text][\/vc_column][\/vc_row][vc_row el_class=&#8221;row-services-service row-services-three row-services-corrected-three&#8221;][vc_column css_animation=&#8221;fadeInUpBig&#8221;][vc_column_text el_class=&#8221;text-style-services-heading-h2 color-burgundy&#8221;]<\/p>\n<h2>From the original concept to its material reality.<\/h2>\n<p>[\/vc_column_text][\/vc_column][\/vc_row][vc_row equal_height=&#8221;yes&#8221; disable_element=&#8221;yes&#8221; el_class=&#8221;row-services-service row-services-four row-services-details row-services-corrected-four&#8221;][vc_column css_animation=&#8221;fadeInUpBig&#8221; width=&#8221;1\/2&#8243;][vc_column_text]<\/p>\n<h3><strong>R\u00e9sidence priv\u00e9e<\/strong><\/h3>\n<p>[\/vc_column_text][vc_column_text]<strong>L\u2019Atelier fournit un accompagnement professionnel sur toutes les phases de votre r\u00e9sidence<\/strong>\u00a0: la pr\u00e9paration du programme, la recherche d\u2019un site, l&#8217;\u00e9valuation technique et financi\u00e8re, les demandes administratives, les \u00e9tudes de conception, jusqu\u2019apr\u00e8s la livraison \u00e0 l\u2019ann\u00e9e de parfait ach\u00e8vement.[\/vc_column_text][\/vc_column][vc_column css_animation=&#8221;fadeInUpBig&#8221; width=&#8221;1\/2&#8243;][vc_column_text]<\/p>\n<h3><strong>Boutique<\/strong><\/h3>\n<p>[\/vc_column_text][vc_column_text]<strong>Par son exp\u00e9rience dans la cr\u00e9ation de guides de normes de soci\u00e9t\u00e9s internationales<\/strong>, l&#8217;Atelier participe \u00e0 la mise en place de strat\u00e9gie commerciale, la d\u00e9finition de signal\u00e9tique et d&#8217;\u00e9clairage, la conception de pr\u00e9sentoirs adapt\u00e9s aux produits, ainsi que la coordination d&#8217;\u00e9l\u00e9ments techniques et de dispositifs de s\u00e9curit\u00e9 qui sont propres \u00e0 chaque domaine d\u2019activit\u00e9.[\/vc_column_text][\/vc_column][\/vc_row][vc_row equal_height=&#8221;yes&#8221; content_placement=&#8221;middle&#8221; el_class=&#8221;row-services-service row-services-four row-services-details row-services-corrected-four&#8221;][vc_column css_animation=&#8221;fadeInUpBig&#8221; width=&#8221;1\/2&#8243;][vc_column_text]<\/p>\n<h3><strong>Private Residence<\/strong><\/h3>\n<p>[\/vc_column_text][vc_column_text]<strong>The Atelier provides professional support through all phases of the residential project<\/strong>\u00a0: preparation of the programme, site analysis, technical and financial evaluation, administrative applications, design studies, administration of the construction contracts including the warranty periods.[\/vc_column_text][\/vc_column][vc_column css_animation=&#8221;fadeInUpBig&#8221; width=&#8221;1\/2&#8243;][vc_single_image image=&#8221;465&#8243; img_size=&#8221;full&#8221;][\/vc_column][\/vc_row][vc_row equal_height=&#8221;yes&#8221; content_placement=&#8221;middle&#8221; el_class=&#8221;row-services-service row-services-four row-services-details row-services-corrected-four&#8221;][vc_column css_animation=&#8221;fadeInUpBig&#8221; width=&#8221;1\/2&#8243;][vc_single_image image=&#8221;467&#8243; img_size=&#8221;full&#8221;][\/vc_column][vc_column css_animation=&#8221;fadeInUpBig&#8221; width=&#8221;1\/2&#8243;][vc_column_text]<\/p>\n<h3><strong>Retail<\/strong><\/h3>\n<p>[\/vc_column_text][vc_column_text]<strong>With experience working for international brands,<\/strong> the Atelier is able to participate in the creation of commercial strategy, definition of signage and lighting, design of custom display furniture, as well as the integration of technical and security systems specific to each area of retail activity.[\/vc_column_text][\/vc_column][\/vc_row][vc_row equal_height=&#8221;yes&#8221; disable_element=&#8221;yes&#8221; el_class=&#8221;row-services-service row-services-five row-services-details row-services-corrected-five&#8221;][vc_column css_animation=&#8221;fadeInUpBig&#8221; width=&#8221;1\/2&#8243;][vc_column_text]<\/p>\n<h3><strong>Jardin et paysage<\/strong><\/h3>\n<p>[\/vc_column_text][vc_column_text]L\u2019Atelier d\u00e9finit et coordonne des projets d&#8217;am\u00e9nagement de <strong>jardins, pergolas, piscines, cl\u00f4tures et portails, int\u00e9gration d&#8217;\u0153uvres d&#8217;art et d&#8217;\u00e9clairage ext\u00e9rieurs<\/strong>. L\u2019Atelier vous aide pour la s\u00e9lection de v\u00e9g\u00e9taux et de mat\u00e9riaux de jardin afin de cr\u00e9er un cadre paysag\u00e9 appropri\u00e9 \u00e0 chaque projet.[\/vc_column_text][\/vc_column][vc_column css_animation=&#8221;fadeInUpBig&#8221; width=&#8221;1\/2&#8243;][vc_column_text]<\/p>\n<h3><strong>Projet urbain<\/strong><\/h3>\n<p>[\/vc_column_text][vc_column_text]<strong>L\u2019Atelier optimise votre projet en accord avec le plan local d&#8217;urbanisme.<\/strong><\/p>\n<p>Fort de ses 30 ans d\u2019exp\u00e9rience, l\u2019Atelier \u00e9tablit des projets urbains \u00e0 la pointe des crit\u00e8res environnementaux. Il intervient dans l&#8217;analyse de donn\u00e9es juridiques et de documents techniques, et r\u00e9alise des \u00e9tudes d&#8217;impact environnemental et urbaines.[\/vc_column_text][\/vc_column][\/vc_row][vc_row equal_height=&#8221;yes&#8221; content_placement=&#8221;middle&#8221; el_class=&#8221;row-services-service row-services-five row-services-details row-services-corrected-five&#8221;][vc_column css_animation=&#8221;fadeInUpBig&#8221; width=&#8221;1\/2&#8243;][vc_column_text]<\/p>\n<h3><strong>Garden and landscape<\/strong><\/h3>\n<p>[\/vc_column_text][vc_column_text]The Atelier defines and coordinates projects for <strong>gardens, pergolas, pools, fencing and property gates, integration of artworks and exterior lighting<\/strong>.\u00a0 Working with specialist consultants, the Atelier is able to design and specify planting schemes, pathways and paving to create a landscape setting scaled to each project.[\/vc_column_text][\/vc_column][vc_column css_animation=&#8221;fadeInUpBig&#8221; width=&#8221;1\/2&#8243;][vc_single_image image=&#8221;468&#8243; img_size=&#8221;full&#8221;][\/vc_column][\/vc_row][vc_row equal_height=&#8221;yes&#8221; content_placement=&#8221;middle&#8221; el_class=&#8221;row-services-service row-services-five row-services-details row-services-corrected-five&#8221;][vc_column css_animation=&#8221;fadeInUpBig&#8221; width=&#8221;1\/2&#8243;][vc_single_image image=&#8221;469&#8243; img_size=&#8221;full&#8221;][\/vc_column][vc_column css_animation=&#8221;fadeInUpBig&#8221; width=&#8221;1\/2&#8243;][vc_column_text]<\/p>\n<h3><strong>Urban development<\/strong><\/h3>\n<p>[\/vc_column_text][vc_column_text]<strong>The Atelier optimises the project in respect of local planning regulations<\/strong><strong>.<\/strong><\/p>\n<p>With over 30 years experience, the Atelier designs urban developments aligned with environmental labels and regulations.\u00a0 It performs analysis of built forms and planning regulation, as well as environmental impact studies.[\/vc_column_text][\/vc_column][\/vc_row][vc_row content_placement=&#8221;top&#8221; parallax=&#8221;content-moving&#8221; css_animation=&#8221;slideInUp&#8221; disable_element=&#8221;yes&#8221; css=&#8221;.vc_custom_1519903586863{background-image: url(http:\/\/www.atelierbcs.com\/wp-content\/uploads\/2018\/02\/atelier-baraness-services-promenade-plan.jpg?id=330) !important;background-position: center;background-repeat: no-repeat !important;background-size: cover !important;}&#8221; el_class=&#8221;row-services-service row-services-six row-services-parallax row-services-corrected-six row-services-new-layer&#8221;][vc_column css_animation=&#8221;fadeInUpBig&#8221; width=&#8221;1\/2&#8243;][\/vc_column][vc_column css_animation=&#8221;fadeInUpBig&#8221; width=&#8221;1\/2&#8243;][\/vc_column][\/vc_row][vc_row content_placement=&#8221;top&#8221; parallax=&#8221;content-moving&#8221; css_animation=&#8221;slideInUp&#8221; disable_element=&#8221;yes&#8221; css=&#8221;.vc_custom_1519898435805{background-position: center;background-repeat: no-repeat !important;background-size: cover !important;}&#8221; el_class=&#8221;row-services-service row-services-six row-services-parallax row-services-corrected-six row-services-text-only&#8221;][vc_column css_animation=&#8221;fadeInUpBig&#8221; width=&#8221;1\/2&#8243;][vc_column_text el_class=&#8221;text-style-services-heading-h2 color-black&#8221;]<\/p>\n<h2>\u00c0 la recherche d&#8217;une architecture juste<\/h2>\n<p>[\/vc_column_text][\/vc_column][vc_column css_animation=&#8221;fadeInUpBig&#8221; width=&#8221;1\/2&#8243;][vc_column_text el_class=&#8221;text-style-services-normal&#8221;]Qu\u2019il s\u2019agisse d\u2019une simple piscine avec son jardin ou d\u2019un ensemble urbain complexe, chaque projet est cr\u00e9\u00e9 pour r\u00e9pondre \u00e0 des exigences sp\u00e9cifiques. L\u2019Atelier fusionne la vision du client et les comp\u00e9tences des diff\u00e9rents corps de m\u00e9tiers, de l\u2019ing\u00e9nieur \u00e0 l\u2019artisan, pour r\u00e9aliser une architecture juste. Une \u00e9quipe de professionnels diversifi\u00e9s et compl\u00e9mentaires travaille avec chaque client afin de garantir le contr\u00f4le de qualit\u00e9, le budget et le planning de son projet. Notre m\u00e9thode de travail multidisciplinaire et minutieuse nous permet de fournir des services de soutien et de suivi techniques avant, pendant et apr\u00e8s la r\u00e9ception du projet.<\/p>\n<p>Notre objectif, c&#8217;est de transformer les propri\u00e9t\u00e9s de nos clients en r\u00eave architectural exceptionnel, d\u00e9passant les demandes les plus exigeantes. Il n&#8217;existe aucune solution standardis\u00e9e. Chaque projet cr\u00e9\u00e9 est le fruit d&#8217;une conception sur mesure, conjuguant les expertises des meilleurs artisans et fournisseurs pour aboutir \u00e0 la qualit\u00e9 absolue.[\/vc_column_text][\/vc_column][\/vc_row][vc_row content_placement=&#8221;top&#8221; parallax=&#8221;content-moving&#8221; css_animation=&#8221;slideInUp&#8221; css=&#8221;.vc_custom_1519987834745{background-image: url(http:\/\/www.atelierbcs.com\/wp-content\/uploads\/2018\/03\/promenade-5.jpg?id=521) !important;background-position: center;background-repeat: no-repeat !important;background-size: cover !important;}&#8221; el_class=&#8221;row-services-service row-services-six row-services-parallax row-services-corrected-six row-services-text-only row-with-opacity-on-text&#8221;][vc_column css_animation=&#8221;fadeInUpBig&#8221; width=&#8221;1\/2&#8243;][vc_column_text el_class=&#8221;text-style-services-heading-h2 color-black&#8221;]<\/p>\n<h2>In search of the appropriate architecture<\/h2>\n<p>[\/vc_column_text][\/vc_column][vc_column css_animation=&#8221;fadeInUpBig&#8221; width=&#8221;1\/2&#8243;][vc_column_text el_class=&#8221;text-style-services-normal&#8221;]Our objective is to translate the properties of our clients into exceptional architecture, surpassing the requirements of the programme.\u00a0 There are no standard solutions.\u00a0 Each project is bespoke, combining the skills of craftsmen and suppliers to achieve exceptional quality.[\/vc_column_text][\/vc_column][\/vc_row]<\/p>\n<\/div>","protected":false},"excerpt":{"rendered":"<p>[vc_row][vc_column][\/vc_column][\/vc_row][vc_row equal_height=&#8221;yes&#8221; el_class=&#8221;row-services-service row-services-one row-services-corrected-one&#8221; el_id=&#8221;services&#8221;][vc_column width=&#8221;1\/2&#8243;][vc_column_text el_class=&#8221;text-style-normal text-style-heading-services&#8221;] Services [\/vc_column_text][\/vc_column][vc_column css_animation=&#8221;fadeInUpBig&#8221; width=&#8221;1\/2&#8243;][vc_column_text el_class=&#8221;text-style-services-normal text-padded-one&#8221;]Atelier Baraness + Cawker is a core team of seven &#8211; four architects, two interior architects, one communications director &#8211; combining their skills, experience and creativity.[\/vc_column_text][\/vc_column][\/vc_row][vc_row equal_height=&#8221;yes&#8221; content_placement=&#8221;bottom&#8221; css=&#8221;.vc_custom_1513665198152{background-color: #ad4645 !important;}&#8221; el_class=&#8221;row-services-service row-services-two row-services-corrected-two&#8221;][vc_column css_animation=&#8221;fadeInUpBig&#8221; width=&#8221;1\/2&#8243; css=&#8221;.vc_custom_1516968874495{background-image: url(http:\/\/www.atelierbcs.com\/wp-content\/uploads\/2018\/01\/atelier-baraness-services-image-travail.jpg?id=307) !important;background-position: center !important;background-repeat: [&hellip;]<\/p>\n","protected":false},"author":533,"featured_media":0,"parent":667,"menu_order":5,"comment_status":"closed","ping_status":"closed","template":"page-templates\/page-services.php","meta":{"_acf_changed":false,"footnotes":""},"acf":[],"_links":{"self":[{"href":"https:\/\/www.atelierbcs.com\/en\/wp-json\/wp\/v2\/pages\/641"}],"collection":[{"href":"https:\/\/www.atelierbcs.com\/en\/wp-json\/wp\/v2\/pages"}],"about":[{"href":"https:\/\/www.atelierbcs.com\/en\/wp-json\/wp\/v2\/types\/page"}],"author":[{"embeddable":true,"href":"https:\/\/www.atelierbcs.com\/en\/wp-json\/wp\/v2\/users\/533"}],"replies":[{"embeddable":true,"href":"https:\/\/www.atelierbcs.com\/en\/wp-json\/wp\/v2\/comments?post=641"}],"version-history":[{"count":4,"href":"https:\/\/www.atelierbcs.com\/en\/wp-json\/wp\/v2\/pages\/641\/revisions"}],"predecessor-version":[{"id":645,"href":"https:\/\/www.atelierbcs.com\/en\/wp-json\/wp\/v2\/pages\/641\/revisions\/645"}],"up":[{"embeddable":true,"href":"https:\/\/www.atelierbcs.com\/en\/wp-json\/wp\/v2\/pages\/667"}],"wp:attachment":[{"href":"https:\/\/www.atelierbcs.com\/en\/wp-json\/wp\/v2\/media?parent=641"}],"curies":[{"name":"wp","href":"https:\/\/api.w.org\/{rel}","templated":true}]}}